{"id":214,"date":"2024-06-20T17:47:01","date_gmt":"2024-06-20T17:47:01","guid":{"rendered":"https:\/\/magiceco.net\/?page_id=214"},"modified":"2024-06-21T06:17:42","modified_gmt":"2024-06-21T06:17:42","slug":"nos-produits","status":"publish","type":"page","link":"https:\/\/magiceco.net\/en\/nos-produits\/","title":{"rendered":"Our Products"},"content":{"rendered":"<div data-elementor-type=\"wp-page\" data-elementor-id=\"214\" class=\"elementor elementor-214\" data-elementor-post-type=\"page\">\n\t\t\t\t<div class=\"elementor-element elementor-element-0f2c833 e-flex e-con-boxed e-con e-parent\" data-id=\"0f2c833\" data-element_type=\"container\" data-e-type=\"container\" data-settings=\"{&quot;background_background&quot;:&quot;classic&quot;}\">\n\t\t\t\t\t<div class=\"e-con-inner\">\n\t\t\t\t<div class=\"elementor-element elementor-element-557ea58 elementor-icon-list--layout-inline elementor-align-center elementor-list-item-link-full_width elementor-invisible elementor-widget elementor-widget-icon-list\" data-id=\"557ea58\" data-element_type=\"widget\" data-e-type=\"widget\" data-settings=\"{&quot;_animation&quot;:&quot;fadeInUp&quot;,&quot;_animation_delay&quot;:200}\" data-widget_type=\"icon-list.default\">\n\t\t\t\t<div class=\"elementor-widget-container\">\n\t\t\t\t\t\t\t<ul class=\"elementor-icon-list-items elementor-inline-items\">\n\t\t\t\t\t\t\t<li class=\"elementor-icon-list-item elementor-inline-item\">\n\t\t\t\t\t\t\t\t\t\t\t<a href=\"https:\/\/magiceco.net\/en\">\n\n\t\t\t\t\t\t\t\t\t\t\t<span class=\"elementor-icon-list-text\">Home<\/span>\n\t\t\t\t\t\t\t\t\t\t\t<\/a>\n\t\t\t\t\t\t\t\t\t<\/li>\n\t\t\t\t\t\t\t\t<li class=\"elementor-icon-list-item elementor-inline-item\">\n\t\t\t\t\t\t\t\t\t\t\t<a href=\"#\">\n\n\t\t\t\t\t\t\t\t\t\t\t\t<span class=\"elementor-icon-list-icon\">\n\t\t\t\t\t\t\t<i aria-hidden=\"true\" class=\"icon icon-right-arrow\"><\/i>\t\t\t\t\t\t<\/span>\n\t\t\t\t\t\t\t\t\t\t<span class=\"elementor-icon-list-text\"><\/span>\n\t\t\t\t\t\t\t\t\t\t\t<\/a>\n\t\t\t\t\t\t\t\t\t<\/li>\n\t\t\t\t\t\t<\/ul>\n\t\t\t\t\t\t<\/div>\n\t\t\t\t<\/div>\n\t\t\t\t\t<\/div>\n\t\t\t\t<\/div>\n\t\t<div class=\"elementor-element elementor-element-a957e59 e-flex e-con-boxed e-con e-parent\" data-id=\"a957e59\" data-element_type=\"container\" data-e-type=\"container\">\n\t\t\t\t\t<div class=\"e-con-inner\">\n\t\t\t\t<div class=\"elementor-element elementor-element-faa267c elementor-align-center elementor-widget__width-inherit elementor-icon-list--layout-traditional elementor-list-item-link-full_width elementor-invisible elementor-widget elementor-widget-icon-list\" data-id=\"faa267c\" data-element_type=\"widget\" data-e-type=\"widget\" data-settings=\"{&quot;_animation&quot;:&quot;fadeInUp&quot;}\" data-widget_type=\"icon-list.default\">\n\t\t\t\t<div class=\"elementor-widget-container\">\n\t\t\t\t\t\t\t<ul class=\"elementor-icon-list-items\">\n\t\t\t\t\t\t\t<li class=\"elementor-icon-list-item\">\n\t\t\t\t\t\t\t\t\t\t\t<span class=\"elementor-icon-list-icon\">\n\t\t\t\t\t\t\t<svg aria-hidden=\"true\" class=\"e-font-icon-svg e-fas-circle\" viewbox=\"0 0 512 512\" xmlns=\"http:\/\/www.w3.org\/2000\/svg\"><path d=\"M256 8C119 8 8 119 8 256s111 248 248 248 248-111 248-248S393 8 256 8z\"><\/path><\/svg>\t\t\t\t\t\t<\/span>\n\t\t\t\t\t\t\t\t\t\t<span class=\"elementor-icon-list-text\">Collection of<\/span>\n\t\t\t\t\t\t\t\t\t<\/li>\n\t\t\t\t\t\t<\/ul>\n\t\t\t\t\t\t<\/div>\n\t\t\t\t<\/div>\n\t\t\t\t<div class=\"elementor-element elementor-element-7e9fae5 elementor-widget__width-inherit elementor-invisible elementor-widget elementor-widget-heading\" data-id=\"7e9fae5\" data-element_type=\"widget\" data-e-type=\"widget\" data-settings=\"{&quot;_animation&quot;:&quot;fadeInUp&quot;,&quot;_animation_delay&quot;:200}\" data-widget_type=\"heading.default\">\n\t\t\t\t<div class=\"elementor-widget-container\">\n\t\t\t\t\t<h2 class=\"elementor-heading-title elementor-size-default\">Our Featured Products<\/h2>\t\t\t\t<\/div>\n\t\t\t\t<\/div>\n\t\t\t\t<div class=\"elementor-element elementor-element-69d1cfd elementor-invisible elementor-widget elementor-widget-text-editor\" data-id=\"69d1cfd\" data-element_type=\"widget\" data-e-type=\"widget\" data-settings=\"{&quot;_animation&quot;:&quot;fadeInUp&quot;,&quot;_animation_delay&quot;:400}\" data-widget_type=\"text-editor.default\">\n\t\t\t\t<div class=\"elementor-widget-container\">\n\t\t\t\t\t\t\t\t\t\u201cTerre magic - Universal potting soil\u201d is the latest invention, the first and only brand of potting soil made in Ivory Coast. It is designed for potted crops, leisure gardening, simple and complex nurseries.\n\t\t\t\t\t\t\t\t<\/div>\n\t\t\t\t<\/div>\n\t\t\t\t<div class=\"elementor-element elementor-element-b8c25d5 elementor-product-loop-item--align-center elementor-grid-mobile-1 elementor-grid-4 elementor-grid-tablet-3 elementor-products-grid elementor-wc-products elementor-widget elementor-widget-woocommerce-products\" data-id=\"b8c25d5\" data-element_type=\"widget\" data-e-type=\"widget\" data-widget_type=\"woocommerce-products.default\">\n\t\t\t\t<div class=\"elementor-widget-container\">\n\t\t\t\t\t<div class=\"woocommerce columns-4\"><ul class=\"products elementor-grid columns-4\">\n<li class=\"product type-product post-856 status-publish first instock product_cat-magic-compost has-post-thumbnail sale taxable shipping-taxable purchasable product-type-simple\">\n\t<a href=\"https:\/\/magiceco.net\/en\/product\/plaques-de-50-alveoles\/\" class=\"woocommerce-LoopProduct-link woocommerce-loop-product__link\">\n\t<span class=\"onsale\" data-no-translation=\"\" data-trp-gettext=\"\">Sale!<\/span>\n\t<img fetchpriority=\"high\" decoding=\"async\" width=\"225\" height=\"225\" src=\"https:\/\/magiceco.net\/wp-content\/uploads\/2024\/10\/1000317819.jpg\" class=\"attachment-woocommerce_thumbnail size-woocommerce_thumbnail\" alt=\"plaques de 50 alv\u00e9oles\" srcset=\"https:\/\/magiceco.net\/wp-content\/uploads\/2024\/10\/1000317819.jpg 225w, https:\/\/magiceco.net\/wp-content\/uploads\/2024\/10\/1000317819-150x150.jpg 150w, https:\/\/magiceco.net\/wp-content\/uploads\/2024\/10\/1000317819-12x12.jpg 12w, https:\/\/magiceco.net\/wp-content\/uploads\/2024\/10\/1000317819-100x100.jpg 100w, https:\/\/magiceco.net\/wp-content\/uploads\/2024\/10\/1000317819-48x48.jpg 48w\" sizes=\"(max-width: 225px) 100vw, 225px\" \/><h2 class=\"woocommerce-loop-product__title\">plaques de 50 alv\u00e9oles<\/h2>\n\t<span class=\"price\"><del aria-hidden=\"true\"><span class=\"woocommerce-Price-amount amount\"><bdi>1500&nbsp;<span class=\"woocommerce-Price-currencySymbol\">CFA<\/span><\/bdi><\/span><\/del> <span class=\"screen-reader-text\" data-no-translation=\"\" data-trp-gettext=\"\">Original price was: 1500&nbsp;CFA.<\/span><ins aria-hidden=\"true\"><span class=\"woocommerce-Price-amount amount\"><bdi>1200&nbsp;<span class=\"woocommerce-Price-currencySymbol\">CFA<\/span><\/bdi><\/span><\/ins><span class=\"screen-reader-text\" data-no-translation=\"\" data-trp-gettext=\"\">Current price is: 1200&nbsp;CFA.<\/span><\/span>\n<\/a><a href=\"\/en\/wp-json\/wp\/v2\/pages\/214?add-to-cart=856\" aria-describedby=\"woocommerce_loop_add_to_cart_link_describedby_856\" data-quantity=\"1\" class=\"button product_type_simple add_to_cart_button ajax_add_to_cart\" data-product_id=\"856\" data-product_sku=\"\" aria-label=\"Add to cart: \u201cplaques de 50 alv\u00e9oles\u201d\" rel=\"nofollow\" data-success_message=\"\u201cplaques de 50 alv\u00e9oles\u201d has been added to your cart\" role=\"button\" data-no-translation=\"\" data-trp-gettext=\"\" data-no-translation-aria-label=\"\" data-no-translation-data-success_message=\"\">Add to cart<\/a>\t<span id=\"woocommerce_loop_add_to_cart_link_describedby_856\" class=\"screen-reader-text\">\n\t\t\t<\/span>\n<\/li>\n<li class=\"product type-product post-854 status-publish instock product_cat-magic-compost has-post-thumbnail sale taxable shipping-taxable purchasable product-type-simple\">\n\t<a href=\"https:\/\/magiceco.net\/en\/product\/plaques-de-72-alveoles\/\" class=\"woocommerce-LoopProduct-link woocommerce-loop-product__link\">\n\t<span class=\"onsale\" data-no-translation=\"\" data-trp-gettext=\"\">Sale!<\/span>\n\t<img decoding=\"async\" width=\"300\" height=\"300\" src=\"https:\/\/magiceco.net\/wp-content\/uploads\/2024\/10\/1000317784-300x300.jpg\" class=\"attachment-woocommerce_thumbnail size-woocommerce_thumbnail\" alt=\"plaques de 72 Alv\u00e9oles\" srcset=\"https:\/\/magiceco.net\/wp-content\/uploads\/2024\/10\/1000317784-300x300.jpg 300w, https:\/\/magiceco.net\/wp-content\/uploads\/2024\/10\/1000317784-150x150.jpg 150w, https:\/\/magiceco.net\/wp-content\/uploads\/2024\/10\/1000317784-12x12.jpg 12w, https:\/\/magiceco.net\/wp-content\/uploads\/2024\/10\/1000317784-100x100.jpg 100w, https:\/\/magiceco.net\/wp-content\/uploads\/2024\/10\/1000317784-48x49.jpg 48w\" sizes=\"(max-width: 300px) 100vw, 300px\" \/><h2 class=\"woocommerce-loop-product__title\">plaques de 72 Alv\u00e9oles<\/h2>\n\t<span class=\"price\"><del aria-hidden=\"true\"><span class=\"woocommerce-Price-amount amount\"><bdi>1500&nbsp;<span class=\"woocommerce-Price-currencySymbol\">CFA<\/span><\/bdi><\/span><\/del> <span class=\"screen-reader-text\" data-no-translation=\"\" data-trp-gettext=\"\">Original price was: 1500&nbsp;CFA.<\/span><ins aria-hidden=\"true\"><span class=\"woocommerce-Price-amount amount\"><bdi>1200&nbsp;<span class=\"woocommerce-Price-currencySymbol\">CFA<\/span><\/bdi><\/span><\/ins><span class=\"screen-reader-text\" data-no-translation=\"\" data-trp-gettext=\"\">Current price is: 1200&nbsp;CFA.<\/span><\/span>\n<\/a><a href=\"\/en\/wp-json\/wp\/v2\/pages\/214?add-to-cart=854\" aria-describedby=\"woocommerce_loop_add_to_cart_link_describedby_854\" data-quantity=\"1\" class=\"button product_type_simple add_to_cart_button ajax_add_to_cart\" data-product_id=\"854\" data-product_sku=\"\" aria-label=\"Add to cart: \u201cplaques de 72 Alv\u00e9oles\u201d\" rel=\"nofollow\" data-success_message=\"\u201cplaques de 72 Alv\u00e9oles\u201d has been added to your cart\" role=\"button\" data-no-translation=\"\" data-trp-gettext=\"\" data-no-translation-aria-label=\"\" data-no-translation-data-success_message=\"\">Add to cart<\/a>\t<span id=\"woocommerce_loop_add_to_cart_link_describedby_854\" class=\"screen-reader-text\">\n\t\t\t<\/span>\n<\/li>\n<li class=\"product type-product post-852 status-publish instock product_cat-magic-compost has-post-thumbnail sale taxable shipping-taxable purchasable product-type-simple\">\n\t<a href=\"https:\/\/magiceco.net\/en\/product\/plaques-de-98-alveoles\/\" class=\"woocommerce-LoopProduct-link woocommerce-loop-product__link\">\n\t<span class=\"onsale\" data-no-translation=\"\" data-trp-gettext=\"\">Sale!<\/span>\n\t<img decoding=\"async\" width=\"300\" height=\"300\" src=\"https:\/\/magiceco.net\/wp-content\/uploads\/2024\/10\/1000317781-300x300.jpg\" class=\"attachment-woocommerce_thumbnail size-woocommerce_thumbnail\" alt=\"plaques de 98 alv\u00e9oles\" srcset=\"https:\/\/magiceco.net\/wp-content\/uploads\/2024\/10\/1000317781-300x300.jpg 300w, https:\/\/magiceco.net\/wp-content\/uploads\/2024\/10\/1000317781-150x150.jpg 150w, https:\/\/magiceco.net\/wp-content\/uploads\/2024\/10\/1000317781-12x12.jpg 12w, https:\/\/magiceco.net\/wp-content\/uploads\/2024\/10\/1000317781-100x100.jpg 100w, https:\/\/magiceco.net\/wp-content\/uploads\/2024\/10\/1000317781-48x48.jpg 48w\" sizes=\"(max-width: 300px) 100vw, 300px\" \/><h2 class=\"woocommerce-loop-product__title\">plaques de 98 alv\u00e9oles<\/h2>\n\t<span class=\"price\"><del aria-hidden=\"true\"><span class=\"woocommerce-Price-amount amount\"><bdi>1500&nbsp;<span class=\"woocommerce-Price-currencySymbol\">CFA<\/span><\/bdi><\/span><\/del> <span class=\"screen-reader-text\" data-no-translation=\"\" data-trp-gettext=\"\">Original price was: 1500&nbsp;CFA.<\/span><ins aria-hidden=\"true\"><span class=\"woocommerce-Price-amount amount\"><bdi>1200&nbsp;<span class=\"woocommerce-Price-currencySymbol\">CFA<\/span><\/bdi><\/span><\/ins><span class=\"screen-reader-text\" data-no-translation=\"\" data-trp-gettext=\"\">Current price is: 1200&nbsp;CFA.<\/span><\/span>\n<\/a><a href=\"\/en\/wp-json\/wp\/v2\/pages\/214?add-to-cart=852\" aria-describedby=\"woocommerce_loop_add_to_cart_link_describedby_852\" data-quantity=\"1\" class=\"button product_type_simple add_to_cart_button ajax_add_to_cart\" data-product_id=\"852\" data-product_sku=\"\" aria-label=\"Add to cart: \u201cplaques de 98 alv\u00e9oles\u201d\" rel=\"nofollow\" data-success_message=\"\u201cplaques de 98 alv\u00e9oles\u201d has been added to your cart\" role=\"button\" data-no-translation=\"\" data-trp-gettext=\"\" data-no-translation-aria-label=\"\" data-no-translation-data-success_message=\"\">Add to cart<\/a>\t<span id=\"woocommerce_loop_add_to_cart_link_describedby_852\" class=\"screen-reader-text\">\n\t\t\t<\/span>\n<\/li>\n<li class=\"product type-product post-850 status-publish last instock product_cat-magic-compost has-post-thumbnail sale taxable shipping-taxable purchasable product-type-simple\">\n\t<a href=\"https:\/\/magiceco.net\/en\/product\/plaques-de-150-alveoles\/\" class=\"woocommerce-LoopProduct-link woocommerce-loop-product__link\">\n\t<span class=\"onsale\" data-no-translation=\"\" data-trp-gettext=\"\">Sale!<\/span>\n\t<img loading=\"lazy\" decoding=\"async\" width=\"300\" height=\"300\" src=\"https:\/\/magiceco.net\/wp-content\/uploads\/2024\/10\/1000317787-300x300.jpg\" class=\"attachment-woocommerce_thumbnail size-woocommerce_thumbnail\" alt=\"plaques de 105 Alv\u00e9oles\" srcset=\"https:\/\/magiceco.net\/wp-content\/uploads\/2024\/10\/1000317787-300x300.jpg 300w, https:\/\/magiceco.net\/wp-content\/uploads\/2024\/10\/1000317787-150x150.jpg 150w, https:\/\/magiceco.net\/wp-content\/uploads\/2024\/10\/1000317787-12x12.jpg 12w, https:\/\/magiceco.net\/wp-content\/uploads\/2024\/10\/1000317787-100x100.jpg 100w, https:\/\/magiceco.net\/wp-content\/uploads\/2024\/10\/1000317787-48x48.jpg 48w\" sizes=\"(max-width: 300px) 100vw, 300px\" \/><h2 class=\"woocommerce-loop-product__title\">plaques de 105 Alv\u00e9oles<\/h2>\n\t<span class=\"price\"><del aria-hidden=\"true\"><span class=\"woocommerce-Price-amount amount\"><bdi>1500&nbsp;<span class=\"woocommerce-Price-currencySymbol\">CFA<\/span><\/bdi><\/span><\/del> <span class=\"screen-reader-text\" data-no-translation=\"\" data-trp-gettext=\"\">Original price was: 1500&nbsp;CFA.<\/span><ins aria-hidden=\"true\"><span class=\"woocommerce-Price-amount amount\"><bdi>1200&nbsp;<span class=\"woocommerce-Price-currencySymbol\">CFA<\/span><\/bdi><\/span><\/ins><span class=\"screen-reader-text\" data-no-translation=\"\" data-trp-gettext=\"\">Current price is: 1200&nbsp;CFA.<\/span><\/span>\n<\/a><a href=\"\/en\/wp-json\/wp\/v2\/pages\/214?add-to-cart=850\" aria-describedby=\"woocommerce_loop_add_to_cart_link_describedby_850\" data-quantity=\"1\" class=\"button product_type_simple add_to_cart_button ajax_add_to_cart\" data-product_id=\"850\" data-product_sku=\"\" aria-label=\"Add to cart: \u201cplaques de 105 Alv\u00e9oles\u201d\" rel=\"nofollow\" data-success_message=\"\u201cplaques de 105 Alv\u00e9oles\u201d has been added to your cart\" role=\"button\" data-no-translation=\"\" data-trp-gettext=\"\" data-no-translation-aria-label=\"\" data-no-translation-data-success_message=\"\">Add to cart<\/a>\t<span id=\"woocommerce_loop_add_to_cart_link_describedby_850\" class=\"screen-reader-text\">\n\t\t\t<\/span>\n<\/li>\n<li class=\"product type-product post-827 status-publish first instock product_cat-magic-compost has-post-thumbnail sale taxable shipping-taxable purchasable product-type-simple\">\n\t<a href=\"https:\/\/magiceco.net\/en\/product\/bio-magic-compost-engrais-organiqueriches-en-npk-et-oligo-elements-pour-toutes-les-cultures\/\" class=\"woocommerce-LoopProduct-link woocommerce-loop-product__link\">\n\t<span class=\"onsale\" data-no-translation=\"\" data-trp-gettext=\"\">Sale!<\/span>\n\t<img loading=\"lazy\" decoding=\"async\" width=\"300\" height=\"300\" src=\"https:\/\/magiceco.net\/wp-content\/uploads\/2024\/10\/1000076056-300x300.jpg\" class=\"attachment-woocommerce_thumbnail size-woocommerce_thumbnail\" alt=\"Bio Magic compost-Engrais organique,riches en Npk et oligo-\u00e9l\u00e9ments.lot de 10 sacs\" srcset=\"https:\/\/magiceco.net\/wp-content\/uploads\/2024\/10\/1000076056-300x300.jpg 300w, https:\/\/magiceco.net\/wp-content\/uploads\/2024\/10\/1000076056-150x150.jpg 150w, https:\/\/magiceco.net\/wp-content\/uploads\/2024\/10\/1000076056-100x100.jpg 100w\" sizes=\"(max-width: 300px) 100vw, 300px\" \/><h2 class=\"woocommerce-loop-product__title\">Bio Magic compost-Engrais organique,riches en Npk et oligo-\u00e9l\u00e9ments.lot de 10 sacs<\/h2>\n\t<span class=\"price\"><del aria-hidden=\"true\"><span class=\"woocommerce-Price-amount amount\"><bdi>125000&nbsp;<span class=\"woocommerce-Price-currencySymbol\">CFA<\/span><\/bdi><\/span><\/del> <span class=\"screen-reader-text\" data-no-translation=\"\" data-trp-gettext=\"\">Original price was: 125000&nbsp;CFA.<\/span><ins aria-hidden=\"true\"><span class=\"woocommerce-Price-amount amount\"><bdi>80000&nbsp;<span class=\"woocommerce-Price-currencySymbol\">CFA<\/span><\/bdi><\/span><\/ins><span class=\"screen-reader-text\" data-no-translation=\"\" data-trp-gettext=\"\">Current price is: 80000&nbsp;CFA.<\/span><\/span>\n<\/a><a href=\"\/en\/wp-json\/wp\/v2\/pages\/214?add-to-cart=827\" aria-describedby=\"woocommerce_loop_add_to_cart_link_describedby_827\" data-quantity=\"1\" class=\"button product_type_simple add_to_cart_button ajax_add_to_cart\" data-product_id=\"827\" data-product_sku=\"90.000 FCFA\" aria-label=\"Add to cart: \u201cBio Magic compost-Engrais organique,riches en Npk et oligo-\u00e9l\u00e9ments.lot de 10 sacs\u201d\" rel=\"nofollow\" data-success_message=\"\u201cBio Magic compost-Engrais organique,riches en Npk et oligo-\u00e9l\u00e9ments.lot de 10 sacs\u201d has been added to your cart\" role=\"button\" data-no-translation=\"\" data-trp-gettext=\"\" data-no-translation-aria-label=\"\" data-no-translation-data-success_message=\"\">Add to cart<\/a>\t<span id=\"woocommerce_loop_add_to_cart_link_describedby_827\" class=\"screen-reader-text\">\n\t\t\t<\/span>\n<\/li>\n<li class=\"product type-product post-163 status-publish instock product_cat-terre-magic has-post-thumbnail sale taxable shipping-taxable purchasable product-type-simple\">\n\t<a href=\"https:\/\/magiceco.net\/en\/product\/terre-magic-terreau-universel-10-l\/\" class=\"woocommerce-LoopProduct-link woocommerce-loop-product__link\">\n\t<span class=\"onsale\" data-no-translation=\"\" data-trp-gettext=\"\">Sale!<\/span>\n\t<img loading=\"lazy\" decoding=\"async\" width=\"300\" height=\"300\" src=\"https:\/\/magiceco.net\/wp-content\/uploads\/2024\/10\/1000316960-300x300.png\" class=\"attachment-woocommerce_thumbnail size-woocommerce_thumbnail\" alt=\"Terre magic -terreau universel 10 L\" srcset=\"https:\/\/magiceco.net\/wp-content\/uploads\/2024\/10\/1000316960-300x300.png 300w, https:\/\/magiceco.net\/wp-content\/uploads\/2024\/10\/1000316960-150x150.png 150w, https:\/\/magiceco.net\/wp-content\/uploads\/2024\/10\/1000316960-100x100.png 100w\" sizes=\"(max-width: 300px) 100vw, 300px\" \/><h2 class=\"woocommerce-loop-product__title\">Terre magic -terreau universel 10 L<\/h2>\n\t<span class=\"price\"><del aria-hidden=\"true\"><span class=\"woocommerce-Price-amount amount\"><bdi>4500&nbsp;<span class=\"woocommerce-Price-currencySymbol\">CFA<\/span><\/bdi><\/span><\/del> <span class=\"screen-reader-text\" data-no-translation=\"\" data-trp-gettext=\"\">Original price was: 4500&nbsp;CFA.<\/span><ins aria-hidden=\"true\"><span class=\"woocommerce-Price-amount amount\"><bdi>4000&nbsp;<span class=\"woocommerce-Price-currencySymbol\">CFA<\/span><\/bdi><\/span><\/ins><span class=\"screen-reader-text\" data-no-translation=\"\" data-trp-gettext=\"\">Current price is: 4000&nbsp;CFA.<\/span><\/span>\n<\/a><a href=\"\/en\/wp-json\/wp\/v2\/pages\/214?add-to-cart=163\" aria-describedby=\"woocommerce_loop_add_to_cart_link_describedby_163\" data-quantity=\"1\" class=\"button product_type_simple add_to_cart_button ajax_add_to_cart\" data-product_id=\"163\" data-product_sku=\"\" aria-label=\"Add to cart: \u201cTerre magic -terreau universel 10 L\u201d\" rel=\"nofollow\" data-success_message=\"\u201cTerre magic -terreau universel 10 L\u201d has been added to your cart\" role=\"button\" data-no-translation=\"\" data-trp-gettext=\"\" data-no-translation-aria-label=\"\" data-no-translation-data-success_message=\"\">Add to cart<\/a>\t<span id=\"woocommerce_loop_add_to_cart_link_describedby_163\" class=\"screen-reader-text\">\n\t\t\t<\/span>\n<\/li>\n<li class=\"product type-product post-162 status-publish instock product_cat-terre-magic has-post-thumbnail taxable shipping-taxable purchasable product-type-simple\">\n\t<a href=\"https:\/\/magiceco.net\/en\/product\/terre-magic-terreau-universel-40-l\/\" class=\"woocommerce-LoopProduct-link woocommerce-loop-product__link\"><img loading=\"lazy\" decoding=\"async\" width=\"300\" height=\"300\" src=\"https:\/\/magiceco.net\/wp-content\/uploads\/2024\/06\/img_1651-300x300.jpeg\" class=\"attachment-woocommerce_thumbnail size-woocommerce_thumbnail\" alt=\"Terre magic -terreau universel 40 L\" srcset=\"https:\/\/magiceco.net\/wp-content\/uploads\/2024\/06\/img_1651-300x300.jpeg 300w, https:\/\/magiceco.net\/wp-content\/uploads\/2024\/06\/img_1651-1024x1024.jpeg 1024w, https:\/\/magiceco.net\/wp-content\/uploads\/2024\/06\/img_1651-150x150.jpeg 150w, https:\/\/magiceco.net\/wp-content\/uploads\/2024\/06\/img_1651-768x768.jpeg 768w, https:\/\/magiceco.net\/wp-content\/uploads\/2024\/06\/img_1651-12x12.jpeg 12w, https:\/\/magiceco.net\/wp-content\/uploads\/2024\/06\/img_1651-600x600.jpeg 600w, https:\/\/magiceco.net\/wp-content\/uploads\/2024\/06\/img_1651-100x100.jpeg 100w, https:\/\/magiceco.net\/wp-content\/uploads\/2024\/06\/img_1651-48x48.jpeg 48w, https:\/\/magiceco.net\/wp-content\/uploads\/2024\/06\/img_1651.jpeg 1080w\" sizes=\"(max-width: 300px) 100vw, 300px\" \/><h2 class=\"woocommerce-loop-product__title\">Terre magic -terreau universel 40 L<\/h2>\n\t<span class=\"price\"><span class=\"woocommerce-Price-amount amount\"><bdi>8000&nbsp;<span class=\"woocommerce-Price-currencySymbol\">CFA<\/span><\/bdi><\/span><\/span>\n<\/a><a href=\"\/en\/wp-json\/wp\/v2\/pages\/214?add-to-cart=162\" aria-describedby=\"woocommerce_loop_add_to_cart_link_describedby_162\" data-quantity=\"1\" class=\"button product_type_simple add_to_cart_button ajax_add_to_cart\" data-product_id=\"162\" data-product_sku=\"10000\" aria-label=\"Add to cart: \u201cTerre magic -terreau universel 40 L\u201d\" rel=\"nofollow\" data-success_message=\"\u201cTerre magic -terreau universel 40 L\u201d has been added to your cart\" role=\"button\" data-no-translation=\"\" data-trp-gettext=\"\" data-no-translation-aria-label=\"\" data-no-translation-data-success_message=\"\">Add to cart<\/a>\t<span id=\"woocommerce_loop_add_to_cart_link_describedby_162\" class=\"screen-reader-text\">\n\t\t\t<\/span>\n<\/li>\n<li class=\"product type-product post-159 status-publish last instock product_cat-terre-magic has-post-thumbnail taxable shipping-taxable purchasable product-type-simple\">\n\t<a href=\"https:\/\/magiceco.net\/en\/product\/terre-magic-terreau-universel-70-l\/\" class=\"woocommerce-LoopProduct-link woocommerce-loop-product__link\"><img loading=\"lazy\" decoding=\"async\" width=\"300\" height=\"300\" src=\"https:\/\/magiceco.net\/wp-content\/uploads\/2024\/06\/img_1652-300x300.jpeg\" class=\"attachment-woocommerce_thumbnail size-woocommerce_thumbnail\" alt=\"Terre magic -terreau universel 70 L\" srcset=\"https:\/\/magiceco.net\/wp-content\/uploads\/2024\/06\/img_1652-300x300.jpeg 300w, https:\/\/magiceco.net\/wp-content\/uploads\/2024\/06\/img_1652-1024x1024.jpeg 1024w, https:\/\/magiceco.net\/wp-content\/uploads\/2024\/06\/img_1652-150x150.jpeg 150w, https:\/\/magiceco.net\/wp-content\/uploads\/2024\/06\/img_1652-768x768.jpeg 768w, https:\/\/magiceco.net\/wp-content\/uploads\/2024\/06\/img_1652-12x12.jpeg 12w, https:\/\/magiceco.net\/wp-content\/uploads\/2024\/06\/img_1652-600x600.jpeg 600w, https:\/\/magiceco.net\/wp-content\/uploads\/2024\/06\/img_1652-100x100.jpeg 100w, https:\/\/magiceco.net\/wp-content\/uploads\/2024\/06\/img_1652-48x48.jpeg 48w, https:\/\/magiceco.net\/wp-content\/uploads\/2024\/06\/img_1652.jpeg 1080w\" sizes=\"(max-width: 300px) 100vw, 300px\" \/><h2 class=\"woocommerce-loop-product__title\">Terre magic -terreau universel 70 L<\/h2>\n\t<span class=\"price\"><span class=\"woocommerce-Price-amount amount\"><bdi>10000&nbsp;<span class=\"woocommerce-Price-currencySymbol\">CFA<\/span><\/bdi><\/span><\/span>\n<\/a><a href=\"\/en\/wp-json\/wp\/v2\/pages\/214?add-to-cart=159\" aria-describedby=\"woocommerce_loop_add_to_cart_link_describedby_159\" data-quantity=\"1\" class=\"button product_type_simple add_to_cart_button ajax_add_to_cart\" data-product_id=\"159\" data-product_sku=\"\" aria-label=\"Add to cart: \u201cTerre magic -terreau universel 70 L\u201d\" rel=\"nofollow\" data-success_message=\"\u201cTerre magic -terreau universel 70 L\u201d has been added to your cart\" role=\"button\" data-no-translation=\"\" data-trp-gettext=\"\" data-no-translation-aria-label=\"\" data-no-translation-data-success_message=\"\">Add to cart<\/a>\t<span id=\"woocommerce_loop_add_to_cart_link_describedby_159\" class=\"screen-reader-text\">\n\t\t\t<\/span>\n<\/li>\n<\/ul>\n<\/div>\t\t\t\t<\/div>\n\t\t\t\t<\/div>\n\t\t\t\t\t<\/div>\n\t\t\t\t<\/div>\n\t\t\t\t<\/div>","protected":false},"excerpt":{"rendered":"<p>Maison Collection de Nos produits phares \u2018\u2019Terre magic -Terreau universel\u2019\u2019 est la toute derni\u00e8re invention,la 1ere et seule marque de terreau made in c\u00f4te d\u2019ivoire.elle est con\u00e7u pour les cultures en pots,les jardinage de loisirs,les p\u00e9pini\u00e8res simples et complexes.<\/p>","protected":false},"author":2,"featured_media":0,"parent":0,"menu_order":0,"comment_status":"closed","ping_status":"closed","template":"elementor_header_footer","meta":{"zakra_page_container_layout":"customizer","zakra_page_sidebar_layout":"customizer","zakra_remove_content_margin":false,"zakra_sidebar":"customizer","zakra_transparent_header":"customizer","zakra_logo":0,"zakra_main_header_style":"default","zakra_menu_item_color":"","zakra_menu_item_hover_color":"","zakra_menu_item_active_color":"","zakra_menu_active_style":"","zakra_page_header":true,"footnotes":""},"class_list":["post-214","page","type-page","status-publish","hentry"],"jetpack_sharing_enabled":true,"_links":{"self":[{"href":"https:\/\/magiceco.net\/en\/wp-json\/wp\/v2\/pages\/214","targetHints":{"allow":["GET"]}}],"collection":[{"href":"https:\/\/magiceco.net\/en\/wp-json\/wp\/v2\/pages"}],"about":[{"href":"https:\/\/magiceco.net\/en\/wp-json\/wp\/v2\/types\/page"}],"author":[{"embeddable":true,"href":"https:\/\/magiceco.net\/en\/wp-json\/wp\/v2\/users\/2"}],"replies":[{"embeddable":true,"href":"https:\/\/magiceco.net\/en\/wp-json\/wp\/v2\/comments?post=214"}],"version-history":[{"count":5,"href":"https:\/\/magiceco.net\/en\/wp-json\/wp\/v2\/pages\/214\/revisions"}],"predecessor-version":[{"id":412,"href":"https:\/\/magiceco.net\/en\/wp-json\/wp\/v2\/pages\/214\/revisions\/412"}],"wp:attachment":[{"href":"https:\/\/magiceco.net\/en\/wp-json\/wp\/v2\/media?parent=214"}],"curies":[{"name":"wp","href":"https:\/\/api.w.org\/{rel}","templated":true}]}}