{"id":153,"date":"2024-06-20T15:32:12","date_gmt":"2024-06-20T15:32:12","guid":{"rendered":"https:\/\/magiceco.net\/?post_type=product&#038;p=153"},"modified":"2026-01-24T14:36:33","modified_gmt":"2026-01-24T14:36:33","slug":"magic-compost-50-kg","status":"publish","type":"product","link":"https:\/\/magiceco.net\/en\/product\/magic-compost-50-kg\/","title":{"rendered":"Magic compost 40 kg"},"content":{"rendered":"<h4><b>COMPOSITION<\/b><\/h4>\n<ul>\n<li>fiente de volailles<\/li>\n<li>parches de cacao<\/li>\n<li>Matiere verte<\/li>\n<li>tourbe<\/li>\n<\/ul>\n<h4><b>OBJECTIF<\/b><\/h4>\n<ul>\n<li>apporter des nutriments essentiels au d\u00e9veloppement de la plante.<\/li>\n<li>restaurer les propri\u00e9t\u00e9s physico-chimiques du sol.<\/li>\n<\/ul>\n<h4><b>UTILISATION<\/b><\/h4>\n<ul>\n<li>cultures industrielles.<\/li>\n<li>cultures vivrieres<\/li>\n<li>herbes et fleurs.<\/li>\n<li>culture hydroponic et aquaponic.<\/li>\n<li>culture hors sol<\/li>\n<\/ul>\n<h4><b>DESCRIPTION<\/b><\/h4>\n<p>Magic compost est un engrais Bio organique et Amendement adapt\u00e9 \u00e0 tous types de plantes. Il s&rsquo;utilise aussi bien en agriculture plein sol quand en hors sol.<br \/>\nGr\u00e2ce \u00e0 sa forte concentration en Azote, phosphore et potassium magn\u00e9sium cuivre et oligo-\u00e9l\u00e9ments ,il est tr\u00e8s efficace pour la croissance,la floraison et la fructification des plantes.<\/p>\n<h4><b>POURQUOI MAGIC COMPOST<\/b><\/h4>\n<p>Les engrais chimiques sont des produits toxiques dont l&rsquo;utilisation constante d\u00e9grade le sol et ses constituants.cette d\u00e9gradation de la terre entra\u00eene un appauvrissement des sols et une chute des rendements.<\/p>\n<p>MAGIC COMPOST apport\u00e9 \u00e0 un sol permet de restaurer ses propri\u00e9t\u00e9s d&rsquo;origines tout en garantissant une bonne vie des microorganismes , r\u00e9\u00e9quilibrer la texture du sol ,sa perm\u00e9abilit\u00e9 et sa porosit\u00e9.cela permettra au sol de respirer,de se d\u00e9barrasser des CO2, d&rsquo;avoir une bonne r\u00e9tention en eau et \u00e9l\u00e9ments min\u00e9raux.Sans oublier la forte concentration des \u00e9l\u00e9ments min\u00e9raux (N P K Mg Fe..) pour la croissance,la floraison et la fructification des plantes.<\/p>","protected":false},"excerpt":{"rendered":"<p>Potting soil is an essential medium for repotting plants and flowers in pots or containers. It provides a sturdy base while retaining air and water, which is beneficial for plant growth. This potting soil also contains nutrients that help the plants during the first few months, but over time, plants need to be fertilized. The potting soil is enriched with sponge-like coconut fibers, which create an airy and loose structure, allowing for better retention of moisture and nutrients, reducing the need for watering by up to 50 percent.<\/p>","protected":false},"featured_media":155,"comment_status":"open","ping_status":"closed","template":"","meta":{"zakra_page_container_layout":"customizer","zakra_page_sidebar_layout":"customizer","zakra_remove_content_margin":false,"zakra_sidebar":"customizer","zakra_transparent_header":"customizer","zakra_logo":0,"zakra_main_header_style":"default","zakra_menu_item_color":"","zakra_menu_item_hover_color":"","zakra_menu_item_active_color":"","zakra_menu_active_style":"","zakra_page_header":true},"product_brand":[],"product_cat":[20],"product_tag":[],"class_list":{"0":"post-153","1":"product","2":"type-product","3":"status-publish","4":"has-post-thumbnail","6":"product_cat-magic-compost","7":"product_shipping_class-2-saccs","9":"first","10":"instock","11":"taxable","12":"shipping-taxable","13":"purchasable","14":"product-type-simple"},"jetpack_sharing_enabled":true,"_links":{"self":[{"href":"https:\/\/magiceco.net\/en\/wp-json\/wp\/v2\/product\/153","targetHints":{"allow":["GET"]}}],"collection":[{"href":"https:\/\/magiceco.net\/en\/wp-json\/wp\/v2\/product"}],"about":[{"href":"https:\/\/magiceco.net\/en\/wp-json\/wp\/v2\/types\/product"}],"replies":[{"embeddable":true,"href":"https:\/\/magiceco.net\/en\/wp-json\/wp\/v2\/comments?post=153"}],"wp:featuredmedia":[{"embeddable":true,"href":"https:\/\/magiceco.net\/en\/wp-json\/wp\/v2\/media\/155"}],"wp:attachment":[{"href":"https:\/\/magiceco.net\/en\/wp-json\/wp\/v2\/media?parent=153"}],"wp:term":[{"taxonomy":"product_brand","embeddable":true,"href":"https:\/\/magiceco.net\/en\/wp-json\/wp\/v2\/product_brand?post=153"},{"taxonomy":"product_cat","embeddable":true,"href":"https:\/\/magiceco.net\/en\/wp-json\/wp\/v2\/product_cat?post=153"},{"taxonomy":"product_tag","embeddable":true,"href":"https:\/\/magiceco.net\/en\/wp-json\/wp\/v2\/product_tag?post=153"}],"curies":[{"name":"wp","href":"https:\/\/api.w.org\/{rel}","templated":true}]}}