{"id":163,"date":"2024-06-20T15:36:23","date_gmt":"2024-06-20T15:36:23","guid":{"rendered":"https:\/\/magiceco.net\/?post_type=product&#038;p=163"},"modified":"2026-01-12T19:54:16","modified_gmt":"2026-01-12T19:54:16","slug":"terre-magic-terreau-universel-10-l","status":"publish","type":"product","link":"https:\/\/magiceco.net\/en\/product\/terre-magic-terreau-universel-10-l\/","title":{"rendered":"Terre magic -terreau universel 10 L"},"content":{"rendered":"<h4><b>CONTENU<\/b><\/h4>\n<ul>\n<li>Magic Compost<\/li>\n<li>\u00e9corces fines<\/li>\n<li>fibre de coco<\/li>\n<\/ul>\n<h4><b>OBJECTIF<\/b><\/h4>\n<ul>\n<li>retenir l\u2019humidit\u00e9 et les nutriments autours des racines.<\/li>\n<li>soutenir les plantes et ancrer les racines.<\/li>\n<li>cr\u00e9er de l&rsquo;a\u00e9ration pour la respiration des plantes<\/li>\n<\/ul>\n<h4><b>UTILISATION<\/b><\/h4>\n<ul>\n<li>p\u00e9pini\u00e8res simples et complexes.<\/li>\n<li>cultures en pots et jardinage de loisirs.<\/li>\n<li> support de culture pour l\u00e9gumes et herbes.<\/li>\n<\/ul>\n<h4><b>DESCRIPTION<\/b><\/h4>\n<p>Terre Magic est un mixage de la Tourbe et d&rsquo;engrais Organiques donnant ainsi un terreau de texture grumeleuse ,perm\u00e9able avec une bonne porosit\u00e9 et tr\u00e8s enrichi. favorisant ainsi la germination et la croissance de la plupart des v\u00e9g\u00e9taux. Il peut \u00eatre utilis\u00e9 en horticulture ,en jardinage de loisirs ,en pots ,en sachets et tous types de p\u00e9pini\u00e8res .<\/p>\n<h4><b>COMPOSITION<\/b><\/h4>\n<p>Notre terreau est soigneusement formul\u00e9 \u00e0 l&rsquo;aide d&rsquo;un m\u00e9lange \u00e9quilibr\u00e9 de mat\u00e9riaux biologiques de premi\u00e8re qualit\u00e9, comprenant du compost riche en Azote, phosphore, potassium et oligo-\u00e9l\u00e9ments . Cette composition unique favorise la croissance optimale des plantes et fournit les nutriments essentiels pour un d\u00e9veloppement racinaire sain.<\/p>\n<p><strong style=\"color: red; font-weight: bold;\">Attention :<\/strong> Pour des instructions sp\u00e9cifiques de soins des plantes, veuillez vous r\u00e9f\u00e9rer aux exigences individuelles de chaque plante. Pour toute question ou information suppl\u00e9mentaire, veuillez contacter notre service client.<\/p>\n<p><img fetchpriority=\"high\" decoding=\"async\" src=\"https:\/\/magiceco.net\/wp-content\/uploads\/2024\/06\/image2-1-1.jpg\" alt=\"\" width=\"1131\" height=\"969\" class=\"alignnone size-full wp-image-537\" srcset=\"https:\/\/magiceco.net\/wp-content\/uploads\/2024\/06\/image2-1-1.jpg 1131w, https:\/\/magiceco.net\/wp-content\/uploads\/2024\/06\/image2-1-1-600x514.jpg 600w, https:\/\/magiceco.net\/wp-content\/uploads\/2024\/06\/image2-1-1-300x257.jpg 300w, https:\/\/magiceco.net\/wp-content\/uploads\/2024\/06\/image2-1-1-1024x877.jpg 1024w, https:\/\/magiceco.net\/wp-content\/uploads\/2024\/06\/image2-1-1-768x658.jpg 768w, https:\/\/magiceco.net\/wp-content\/uploads\/2024\/06\/image2-1-1-14x12.jpg 14w, https:\/\/magiceco.net\/wp-content\/uploads\/2024\/06\/image2-1-1-48x41.jpg 48w\" sizes=\"(max-width: 1131px) 100vw, 1131px\" \/><\/p>","protected":false},"excerpt":{"rendered":"<p>CONTENU Magic Compost \u00e9corces fines fibre de coco OBJECTIF retenir l\u2019humidit\u00e9 et les nutriments autours des racines. soutenir les plantes et ancrer les racines. cr\u00e9er de l&rsquo;a\u00e9ration pour la respiration des plantes UTILISATION p\u00e9pini\u00e8res simples et complexes. cultures en pots et jardinage de loisirs. support de culture pour l\u00e9gumes et herbes. DESCRIPTION Terre Magic est [&hellip;]<\/p>\n","protected":false},"featured_media":857,"comment_status":"open","ping_status":"closed","template":"","meta":{"zakra_page_container_layout":"customizer","zakra_page_sidebar_layout":"customizer","zakra_remove_content_margin":false,"zakra_sidebar":"customizer","zakra_transparent_header":"customizer","zakra_logo":0,"zakra_main_header_style":"default","zakra_menu_item_color":"","zakra_menu_item_hover_color":"","zakra_menu_item_active_color":"","zakra_menu_active_style":"","zakra_page_header":true},"product_brand":[],"product_cat":[21],"product_tag":[],"class_list":{"0":"post-163","1":"product","2":"type-product","3":"status-publish","4":"has-post-thumbnail","6":"product_cat-terre-magic","8":"first","9":"instock","10":"sale","11":"taxable","12":"shipping-taxable","13":"purchasable","14":"product-type-simple"},"jetpack_sharing_enabled":true,"_links":{"self":[{"href":"https:\/\/magiceco.net\/en\/wp-json\/wp\/v2\/product\/163","targetHints":{"allow":["GET"]}}],"collection":[{"href":"https:\/\/magiceco.net\/en\/wp-json\/wp\/v2\/product"}],"about":[{"href":"https:\/\/magiceco.net\/en\/wp-json\/wp\/v2\/types\/product"}],"replies":[{"embeddable":true,"href":"https:\/\/magiceco.net\/en\/wp-json\/wp\/v2\/comments?post=163"}],"wp:featuredmedia":[{"embeddable":true,"href":"https:\/\/magiceco.net\/en\/wp-json\/wp\/v2\/media\/857"}],"wp:attachment":[{"href":"https:\/\/magiceco.net\/en\/wp-json\/wp\/v2\/media?parent=163"}],"wp:term":[{"taxonomy":"product_brand","embeddable":true,"href":"https:\/\/magiceco.net\/en\/wp-json\/wp\/v2\/product_brand?post=163"},{"taxonomy":"product_cat","embeddable":true,"href":"https:\/\/magiceco.net\/en\/wp-json\/wp\/v2\/product_cat?post=163"},{"taxonomy":"product_tag","embeddable":true,"href":"https:\/\/magiceco.net\/en\/wp-json\/wp\/v2\/product_tag?post=163"}],"curies":[{"name":"wp","href":"https:\/\/api.w.org\/{rel}","templated":true}]}}