{"id":827,"date":"2024-08-06T17:41:18","date_gmt":"2024-08-06T17:41:18","guid":{"rendered":"https:\/\/magiceco.net\/product\/bio-magic-compost-engrais-organiqueriches-en-npk-et-oligo-elements-pour-toutes-les-cultures\/"},"modified":"2025-04-10T12:39:35","modified_gmt":"2025-04-10T12:39:35","slug":"bio-magic-compost-engrais-organiqueriches-en-npk-et-oligo-elements-pour-toutes-les-cultures","status":"publish","type":"product","link":"https:\/\/magiceco.net\/en\/product\/bio-magic-compost-engrais-organiqueriches-en-npk-et-oligo-elements-pour-toutes-les-cultures\/","title":{"rendered":"Bio Magic compost-Engrais organique,riches en Npk et oligo-\u00e9l\u00e9ments.lot de 10 sacs"},"content":{"rendered":"<p>Magic compost est un engrais Bio organo-min\u00e9ral et Amendement ,adapt\u00e9 \u00e0 tous types de plantes.Il s&rsquo;utilise aussi bien en agriculture plein sol quand en hors sol.<br \/>\nGr\u00e2ce \u00e0 sa forte concentration en Azote, phosphore et potassium magn\u00e9sium cuivre et oligo-\u00e9l\u00e9ments ,il est tr\u00e8s efficace pour la croissance,la floraison et la fructification des plantes.<br \/>\n<strong>POURQUOI MAGIC COMPOST?<\/strong> Les engrais chimiques sont des produits toxiques dont l&rsquo;utilisation constante d\u00e9grade le sol et ses constituants.cette d\u00e9gradation de la terre entra\u00eene un appauvrissement des sols et une chute des rendements.<br \/>\nN\u00f4tre engrais apport\u00e9 \u00e0 un sol permet de restaurer  ses propri\u00e9t\u00e9s d&rsquo;origines tout en garantissant une bonne vie des microorganismes , r\u00e9\u00e9quilibrer la texture du sol ,sa perm\u00e9abilit\u00e9 et sa porosit\u00e9.cela permettra au sol de respirer,de se d\u00e9barrasser des CO2, d&rsquo;avoir une bonne r\u00e9tention en eau et \u00e9l\u00e9ments min\u00e9raux.Sans oublier la forte concentration des \u00e9l\u00e9ments min\u00e9raux (N P K Mg Fe..) pour la croissance,la floraison et la fructification des plantes.<\/p>\n<p><strong>MODE D&rsquo;UTILISATION<\/strong> :<\/p>\n<p>Magic compost s&rsquo;applique aussi bien en cultures plein sol  et hors sol.Culture hors sol   -En M\u00e9lange avec le substrat (fibre de coco,laine de roche..)  avant le repiquage.-fertigation: renvers\u00e9 1 kg d&rsquo;engrais pour 10l d&rsquo;eau dans un r\u00e9cipient, laiss\u00e9 macerer et arroser les plantes.Culture plein sol-Cacao-Palmier-vivrier-Caf\u00e9-Ananas, poivrons etc. &#8230;Apporter l&rsquo;engrais autour des plantes pour les plantes en croissance.M\u00e9langer dans les poquets ,ou les planches et billons avant repiquage.<\/p>\n<p>NB: Nous utilisons une technique de conservation naturelle assez unique permettant ainsi de maintenir les micro-organismes en vie pour le bien \u00eatre de vos sols et vos cultures.<br \/>\nRemarques :les sacs sont conditionn\u00e9s en  80 litres pour maintenir le m\u00eame volume du produit,puisque le poids est fonction du l&rsquo;humidit\u00e9 du produit<\/p>","protected":false},"excerpt":{"rendered":"<p>lot de10 sacs d&rsquo;engrais Organiques Magic compost<\/p>","protected":false},"featured_media":847,"comment_status":"open","ping_status":"closed","template":"","meta":{"zakra_page_container_layout":"customizer","zakra_page_sidebar_layout":"customizer","zakra_remove_content_margin":false,"zakra_sidebar":"customizer","zakra_transparent_header":"customizer","zakra_logo":0,"zakra_main_header_style":"default","zakra_menu_item_color":"","zakra_menu_item_hover_color":"","zakra_menu_item_active_color":"","zakra_menu_active_style":"","zakra_page_header":true},"product_brand":[],"product_cat":[20],"product_tag":[],"class_list":{"0":"post-827","1":"product","2":"type-product","3":"status-publish","4":"has-post-thumbnail","6":"product_cat-magic-compost","8":"first","9":"instock","10":"sale","11":"taxable","12":"shipping-taxable","13":"purchasable","14":"product-type-simple"},"jetpack_sharing_enabled":true,"_links":{"self":[{"href":"https:\/\/magiceco.net\/en\/wp-json\/wp\/v2\/product\/827","targetHints":{"allow":["GET"]}}],"collection":[{"href":"https:\/\/magiceco.net\/en\/wp-json\/wp\/v2\/product"}],"about":[{"href":"https:\/\/magiceco.net\/en\/wp-json\/wp\/v2\/types\/product"}],"replies":[{"embeddable":true,"href":"https:\/\/magiceco.net\/en\/wp-json\/wp\/v2\/comments?post=827"}],"wp:featuredmedia":[{"embeddable":true,"href":"https:\/\/magiceco.net\/en\/wp-json\/wp\/v2\/media\/847"}],"wp:attachment":[{"href":"https:\/\/magiceco.net\/en\/wp-json\/wp\/v2\/media?parent=827"}],"wp:term":[{"taxonomy":"product_brand","embeddable":true,"href":"https:\/\/magiceco.net\/en\/wp-json\/wp\/v2\/product_brand?post=827"},{"taxonomy":"product_cat","embeddable":true,"href":"https:\/\/magiceco.net\/en\/wp-json\/wp\/v2\/product_cat?post=827"},{"taxonomy":"product_tag","embeddable":true,"href":"https:\/\/magiceco.net\/en\/wp-json\/wp\/v2\/product_tag?post=827"}],"curies":[{"name":"wp","href":"https:\/\/api.w.org\/{rel}","templated":true}]}}