{"id":852,"date":"2024-10-29T12:50:33","date_gmt":"2024-10-29T12:50:33","guid":{"rendered":"https:\/\/magiceco.net\/product\/plaques-de-98-alveoles\/"},"modified":"2025-03-11T12:16:15","modified_gmt":"2025-03-11T12:16:15","slug":"plaques-de-98-alveoles","status":"publish","type":"product","link":"https:\/\/magiceco.net\/en\/product\/plaques-de-98-alveoles\/","title":{"rendered":"plaques de 98 alv\u00e9oles"},"content":{"rendered":"<p>plaques alv\u00e9oles pour p\u00e9pini\u00e8re<\/p>\n<p>adapt\u00e9s pour les cultures mara\u00eech\u00e8res.<\/p>\n<p>plaques tr\u00e9s solides r\u00e9utilisable<\/p>","protected":false},"excerpt":{"rendered":"<p>plaques alv\u00e9oles pour p\u00e9pini\u00e8re adapt\u00e9s pour les cultures mara\u00eech\u00e8res. plaques tr\u00e9s solides r\u00e9utilisable<\/p>","protected":false},"featured_media":851,"comment_status":"open","ping_status":"closed","template":"","meta":{"zakra_page_container_layout":"customizer","zakra_page_sidebar_layout":"customizer","zakra_remove_content_margin":false,"zakra_sidebar":"customizer","zakra_transparent_header":"customizer","zakra_logo":0,"zakra_main_header_style":"default","zakra_menu_item_color":"","zakra_menu_item_hover_color":"","zakra_menu_item_active_color":"","zakra_menu_active_style":"","zakra_page_header":true},"product_brand":[],"product_cat":[20],"product_tag":[],"class_list":{"0":"post-852","1":"product","2":"type-product","3":"status-publish","4":"has-post-thumbnail","6":"product_cat-magic-compost","8":"first","9":"instock","10":"sale","11":"taxable","12":"shipping-taxable","13":"purchasable","14":"product-type-simple"},"jetpack_sharing_enabled":true,"_links":{"self":[{"href":"https:\/\/magiceco.net\/en\/wp-json\/wp\/v2\/product\/852","targetHints":{"allow":["GET"]}}],"collection":[{"href":"https:\/\/magiceco.net\/en\/wp-json\/wp\/v2\/product"}],"about":[{"href":"https:\/\/magiceco.net\/en\/wp-json\/wp\/v2\/types\/product"}],"replies":[{"embeddable":true,"href":"https:\/\/magiceco.net\/en\/wp-json\/wp\/v2\/comments?post=852"}],"wp:featuredmedia":[{"embeddable":true,"href":"https:\/\/magiceco.net\/en\/wp-json\/wp\/v2\/media\/851"}],"wp:attachment":[{"href":"https:\/\/magiceco.net\/en\/wp-json\/wp\/v2\/media?parent=852"}],"wp:term":[{"taxonomy":"product_brand","embeddable":true,"href":"https:\/\/magiceco.net\/en\/wp-json\/wp\/v2\/product_brand?post=852"},{"taxonomy":"product_cat","embeddable":true,"href":"https:\/\/magiceco.net\/en\/wp-json\/wp\/v2\/product_cat?post=852"},{"taxonomy":"product_tag","embeddable":true,"href":"https:\/\/magiceco.net\/en\/wp-json\/wp\/v2\/product_tag?post=852"}],"curies":[{"name":"wp","href":"https:\/\/api.w.org\/{rel}","templated":true}]}}