{"id":856,"date":"2024-10-29T13:00:24","date_gmt":"2024-10-29T13:00:24","guid":{"rendered":"https:\/\/magiceco.net\/product\/plaques-de-50-alveoles\/"},"modified":"2026-01-30T15:42:56","modified_gmt":"2026-01-30T15:42:56","slug":"plaques-de-50-alveoles","status":"publish","type":"product","link":"https:\/\/magiceco.net\/en\/product\/plaques-de-50-alveoles\/","title":{"rendered":"plaques de 50 alv\u00e9oles"},"content":{"rendered":"<p>plaques pour les r\u00e9alisations de p\u00e9pini\u00e8res.<\/p>\n<p>adapt\u00e9s aux agrumes et cultures mara\u00eech\u00e8res.<\/p>\n<p>qualit\u00e9 sup\u00e9rieure<\/p>\n<p>r\u00e9utilisable<\/p>","protected":false},"excerpt":{"rendered":"<p>plaques pour les r\u00e9alisations de p\u00e9pini\u00e8res. adapt\u00e9s aux agrumes et cultures mara\u00eech\u00e8res. qualit\u00e9 sup\u00e9rieure r\u00e9utilisable<\/p>","protected":false},"featured_media":855,"comment_status":"open","ping_status":"closed","template":"","meta":{"zakra_page_container_layout":"customizer","zakra_page_sidebar_layout":"customizer","zakra_remove_content_margin":false,"zakra_sidebar":"customizer","zakra_transparent_header":"customizer","zakra_logo":0,"zakra_main_header_style":"default","zakra_menu_item_color":"","zakra_menu_item_hover_color":"","zakra_menu_item_active_color":"","zakra_menu_active_style":"","zakra_page_header":true},"product_brand":[],"product_cat":[20],"product_tag":[],"class_list":{"0":"post-856","1":"product","2":"type-product","3":"status-publish","4":"has-post-thumbnail","6":"product_cat-magic-compost","8":"first","9":"instock","10":"sale","11":"taxable","12":"shipping-taxable","13":"purchasable","14":"product-type-simple"},"jetpack_sharing_enabled":true,"_links":{"self":[{"href":"https:\/\/magiceco.net\/en\/wp-json\/wp\/v2\/product\/856","targetHints":{"allow":["GET"]}}],"collection":[{"href":"https:\/\/magiceco.net\/en\/wp-json\/wp\/v2\/product"}],"about":[{"href":"https:\/\/magiceco.net\/en\/wp-json\/wp\/v2\/types\/product"}],"replies":[{"embeddable":true,"href":"https:\/\/magiceco.net\/en\/wp-json\/wp\/v2\/comments?post=856"}],"wp:featuredmedia":[{"embeddable":true,"href":"https:\/\/magiceco.net\/en\/wp-json\/wp\/v2\/media\/855"}],"wp:attachment":[{"href":"https:\/\/magiceco.net\/en\/wp-json\/wp\/v2\/media?parent=856"}],"wp:term":[{"taxonomy":"product_brand","embeddable":true,"href":"https:\/\/magiceco.net\/en\/wp-json\/wp\/v2\/product_brand?post=856"},{"taxonomy":"product_cat","embeddable":true,"href":"https:\/\/magiceco.net\/en\/wp-json\/wp\/v2\/product_cat?post=856"},{"taxonomy":"product_tag","embeddable":true,"href":"https:\/\/magiceco.net\/en\/wp-json\/wp\/v2\/product_tag?post=856"}],"curies":[{"name":"wp","href":"https:\/\/api.w.org\/{rel}","templated":true}]}}